{"id":7,"date":"2015-01-30T11:08:15","date_gmt":"2015-01-30T11:08:15","guid":{"rendered":"http:\/\/localhost\/moncourt-group\/?page_id=7"},"modified":"2019-04-29T09:33:29","modified_gmt":"2019-04-29T09:33:29","slug":"services","status":"publish","type":"page","link":"https:\/\/moncourtgroup.com\/sp\/services\/","title":{"rendered":"Servicios"},"content":{"rendered":"<h2><strong>Un foco dedicado en el nitrato de amonio y explosivos industriales<\/strong><\/h2>\n<p><em>Moncourt Group ofrece un servicio independiente con experiencia y profesionalismo comerciales y t\u00e9cnicos en la industria de nitrato de amonio y explosivos<\/em><\/p>\n<div class=\"servicepage\">\n<div class=\"boxdl\">\n<a href=\"http:\/\/moncourtgroup.com\/sp\/services\/estrategia\/\" rel=\"noopener noreferrer\"><\/p>\n<div class=\"outt\">\n<div class=\"ctnm\">Estrategia<\/div>\n<div class=\"txxt\">Construir e implementar la estrategia adecuada para maximizar los resultados obtenidos<\/div>\n<\/div>\n<p><\/a>\n<\/div>\n<div class=\"boxdl\">\n<p><a href=\"http:\/\/moncourtgroup.com\/sp\/services\/analisis-del-mercado\/\" rel=\"noopener noreferrer\"><\/p>\n<div class=\"outt\">\n<div class=\"ctnm\">An\u00e1lisis del Mercado<\/div>\n<div class=\"txxt\">Acceso al conocimiento interno de la industria para lograr los mejores resultados que lleven a beneficios financieros reales<\/div>\n<\/div>\n<p><\/a><\/p>\n<\/div>\n<div class=\"boxdl\">\n<p><a href=\"http:\/\/moncourtgroup.com\/sp\/services\/negociacion-de-contratos-y-administracion\/\" rel=\"noopener noreferrer\"><\/p>\n<div class=\"outt\">\n<div class=\"ctnm\">Negociaci\u00f3n de Contratos y Administraci\u00f3n<\/div>\n<div class=\"txxt\">Capturar y retener la totalidad del valor<\/div>\n<\/div>\n<p><\/a><\/p>\n<\/div>\n<div class=\"boxdl\">\n<a href=\"http:\/\/moncourtgroup.com\/sp\/services\/cadena-de-abastecimiento\/\" rel=\"noopener noreferrer\"><\/p>\n<div class=\"outt\">\n<div class=\"ctnm\">Cadena de Abastecimiento<\/div>\n<div class=\"txxt\">Impacto medible y sustentable al entender, optimizar y operar de manera segura la cadena de abastecimiento de nitrato de amonio y explosivos<\/div>\n<\/div>\n<p><\/a><\/p>\n<\/div>\n<div class=\"boxdl\">\n<p><a href=\"http:\/\/moncourtgroup.com\/sp\/services\/desarrollo-de-productos-y-procesos\/\" rel=\"noopener noreferrer\"><\/p>\n<div class=\"outt\">\n<div class=\"ctnm\">Desarrollo de Productos y Procesos<\/div>\n<div class=\"txxt\">Mejorar las capacidades del producto y dise\u00f1os y reducir los costos con las mejores pr\u00e1cticas en la producci\u00f3n segura, de calidad y eficiente de nitrato de amonio y explosivos<\/div>\n<\/div>\n<p><\/a><\/p>\n<\/div>\n<div class=\"boxdl\">\n<p><a href=\"http:\/\/moncourtgroup.com\/sp\/services\/mejora-operacional-de-perforacion-y-tronadura\/\" rel=\"noopener noreferrer\"><\/p>\n<div class=\"outt\">\n<div class=\"ctnm\">Mejora Operacional de Perforaci\u00f3n y Tronadura<\/div>\n<div class=\"txxt\">Obtener los resultados de perforaci\u00f3n y tronadura que usted necesita en la forma adecuada<\/div>\n<\/div>\n<p><\/a><\/p>\n<\/div>\n<div class=\"boxdl\">\n<p><a href=\"http:\/\/moncourtgroup.com\/sp\/services\/corretaje\/\" rel=\"noopener noreferrer\"><\/p>\n<div class=\"outt\">\n<div class=\"ctnm\">Corretaje<\/div>\n<div class=\"txxt\">Mejorar los m\u00e1rgenes al acceder a las fuentes correctas y clientes adecuados para el nitrato de amonio<\/div>\n<\/div>\n<p><\/a><\/p>\n<\/div>\n<div class=\"clr\"><\/div>\n<\/div>\n<div class=\"clr\"><\/div>\n","protected":false},"excerpt":{"rendered":"<p>Un foco dedicado en el nitrato de amonio y explosivos industriales Moncourt Group ofrece un servicio independiente con experiencia y profesionalismo comerciales y t\u00e9cnicos en la industria de nitrato de amonio y explosivos Estrategia Construir e implementar la estrategia adecuada para maximizar los resultados obtenidos An\u00e1lisis del Mercado Acceso al conocimiento interno de la industria [&hellip;]<\/p>\n","protected":false},"author":1,"featured_media":0,"parent":0,"menu_order":0,"comment_status":"open","ping_status":"open","template":"","meta":{"_monsterinsights_skip_tracking":false,"_monsterinsights_sitenote_active":false,"_monsterinsights_sitenote_note":"","_monsterinsights_sitenote_category":0},"_links":{"self":[{"href":"https:\/\/moncourtgroup.com\/sp\/wp-json\/wp\/v2\/pages\/7"}],"collection":[{"href":"https:\/\/moncourtgroup.com\/sp\/wp-json\/wp\/v2\/pages"}],"about":[{"href":"https:\/\/moncourtgroup.com\/sp\/wp-json\/wp\/v2\/types\/page"}],"author":[{"embeddable":true,"href":"https:\/\/moncourtgroup.com\/sp\/wp-json\/wp\/v2\/users\/1"}],"replies":[{"embeddable":true,"href":"https:\/\/moncourtgroup.com\/sp\/wp-json\/wp\/v2\/comments?post=7"}],"version-history":[{"count":53,"href":"https:\/\/moncourtgroup.com\/sp\/wp-json\/wp\/v2\/pages\/7\/revisions"}],"predecessor-version":[{"id":389,"href":"https:\/\/moncourtgroup.com\/sp\/wp-json\/wp\/v2\/pages\/7\/revisions\/389"}],"wp:attachment":[{"href":"https:\/\/moncourtgroup.com\/sp\/wp-json\/wp\/v2\/media?parent=7"}],"curies":[{"name":"wp","href":"https:\/\/api.w.org\/{rel}","templated":true}]}}