{"id":5,"date":"2015-01-30T11:07:48","date_gmt":"2015-01-30T11:07:48","guid":{"rendered":"http:\/\/localhost\/moncourt-group\/?page_id=5"},"modified":"2019-04-17T07:58:07","modified_gmt":"2019-04-17T07:58:07","slug":"la-compania","status":"publish","type":"page","link":"https:\/\/moncourtgroup.com\/sp\/la-compania\/","title":{"rendered":"La Compa\u00f1\u00eda"},"content":{"rendered":"<p><em>Moncourt Group existe para ofrecer acceso justo e igualitario a los mercados de nitrato de amonio y los explosivos industriales de la manera apropiada para usted, el cliente<\/em><\/p>\n<p>Nuestra experiencia demuestra que esto puede ser muy dif\u00edcil de conseguir para muchas empresas.<\/p>\n<h2><strong>Enfoque <\/strong><\/h2>\n<p>Los expertos que trabajan en Moncourt Group ofrecen un conocimiento interno de la industria y experiencia a lo largo de todas las \u00e1reas relacionadas con el nitrato de amonio y los explosivos industriales. Ofrecemos un servicio hecho a la medida mientras trabajamos mano a mano con nuestros clientes para otorgar soluciones medibles y con valor agregado ya sean estrat\u00e9gicas, comerciales, operacionales y\/o t\u00e9cnicas.<\/p>\n<p>Mantenemos un foco muy concentrado dentro de la industria, trabajando en las \u00e1reas de nuestra especialidad donde podamos obtener el mejor resultado para nuestros clientes.<\/p>\n<h3><strong>Experiencia <\/strong><\/h3>\n<p>Moncourt Group permite acceder un amplio rango de profesionales con experiencia y altamente especializados. Hemos obtenido nuestra experiencia mundial, trabajando en todas las etapas de la cadena de valor dentro de las industrias de explosivos, miner\u00eda y qu\u00edmicas.<\/p>\n<p>Tenemos un profundo conocimiento funcional y de contenido en nuestras \u00e1reas de foco como tambi\u00e9n experiencia global en los productos y mercados. Utilizamos todo esto para ofrecer a nuestros clientes un acceso justo y equitativo a los mercados de nitrato de amonio y los explosivos industriales de la manera apropiada para ellos.<\/p>\n<h3><strong>Clientes<\/strong><\/h3>\n<p>Nuestros clientes incluyen a todas las compa\u00f1\u00edas con un inter\u00e9s directo o indirecto en los mercados de la industria del nitrato de amonio y los explosivos comerciales. Nuestros clientes abarcan un rango que va desde las empresas m\u00e1s grandes del mundo a aquellas que solo tienen unos pocos empleados.<\/p>\n<p>Si usted desea mayor informaci\u00f3n sobre nuestra base de clientes, nuestra experiencia o leer alguno de nuestros casos de estudio, por favor\u00a0<a class=\"bluu\" href=\"mailto:info@moncourtgroup.com\">cont\u00e1ctenos<\/a>.<\/p>\n","protected":false},"excerpt":{"rendered":"<p>Moncourt Group existe para ofrecer acceso justo e igualitario a los mercados de nitrato de amonio y los explosivos industriales de la manera apropiada para usted, el cliente Nuestra experiencia demuestra que esto puede ser muy dif\u00edcil de conseguir para muchas empresas. Enfoque Los expertos que trabajan en Moncourt Group ofrecen un conocimiento interno de [&hellip;]<\/p>\n","protected":false},"author":1,"featured_media":0,"parent":0,"menu_order":0,"comment_status":"open","ping_status":"open","template":"","meta":{"_monsterinsights_skip_tracking":false,"_monsterinsights_sitenote_active":false,"_monsterinsights_sitenote_note":"","_monsterinsights_sitenote_category":0},"_links":{"self":[{"href":"https:\/\/moncourtgroup.com\/sp\/wp-json\/wp\/v2\/pages\/5"}],"collection":[{"href":"https:\/\/moncourtgroup.com\/sp\/wp-json\/wp\/v2\/pages"}],"about":[{"href":"https:\/\/moncourtgroup.com\/sp\/wp-json\/wp\/v2\/types\/page"}],"author":[{"embeddable":true,"href":"https:\/\/moncourtgroup.com\/sp\/wp-json\/wp\/v2\/users\/1"}],"replies":[{"embeddable":true,"href":"https:\/\/moncourtgroup.com\/sp\/wp-json\/wp\/v2\/comments?post=5"}],"version-history":[{"count":48,"href":"https:\/\/moncourtgroup.com\/sp\/wp-json\/wp\/v2\/pages\/5\/revisions"}],"predecessor-version":[{"id":378,"href":"https:\/\/moncourtgroup.com\/sp\/wp-json\/wp\/v2\/pages\/5\/revisions\/378"}],"wp:attachment":[{"href":"https:\/\/moncourtgroup.com\/sp\/wp-json\/wp\/v2\/media?parent=5"}],"curies":[{"name":"wp","href":"https:\/\/api.w.org\/{rel}","templated":true}]}}