{"id":219,"date":"2017-02-26T11:19:43","date_gmt":"2017-02-26T11:19:43","guid":{"rendered":"http:\/\/rankonone.com\/dev\/moncourtgroup\/sp\/?page_id=219"},"modified":"2019-04-29T09:29:02","modified_gmt":"2019-04-29T09:29:02","slug":"mejora-operacional-de-perforacion-y-tronadura","status":"publish","type":"page","link":"https:\/\/moncourtgroup.com\/sp\/services\/mejora-operacional-de-perforacion-y-tronadura\/","title":{"rendered":"Mejora Operacional de Perforaci\u00f3n y Tronadura"},"content":{"rendered":"<p><em>Obtener los resultados de perforaci\u00f3n y tronadura que usted necesita en la forma adecuada<\/em><\/p>\n<h2><strong>Resultados de Perforaci\u00f3n y Tronadura<\/strong><\/h2>\n<ul class=\"bullets-blue space-btm\">\n<li>Eficiencias mejoradas medibles de perforaci\u00f3n y tronadura mediante la provisi\u00f3n de una profunda experiencia t\u00e9cnica para obtener los resultados que usted necesita\n<ul>\n<li>Cumplimiento regulatorio, costo, independencia, productividad, valor<\/li>\n<\/ul>\n<\/li>\n<li>Experiencia independiente de voladura (como cliente y como proveedor) disponible para resolver sus problemas de perforaci\u00f3n y tronadura\n<ul>\n<li>Al ser una empresa independiente, podemos ofrecer soluciones que optimicen sus operaciones independientemente de los productos en venta en el mercado<\/li>\n<\/ul>\n<\/li>\n<\/ul>\n<h3><strong>Mejora Continua<\/strong><\/h3>\n<ul class=\"bullets-blue space-btm\">\n<li>Reduzca los costos y mejore la productividad mediante la aplicaci\u00f3n de una combinaci\u00f3n poco com\u00fan de experiencia tanto en los aspectos t\u00e9cnicos como comerciales de la perforaci\u00f3n y la tronadura <\/li>\n<li>Aumente el valor obtenido de los explosivos para beneficiar los resultados financieros de toda la toda la cadena de operaci\u00f3n mina a planta en forma constante\n<ul>\n<li>Alcance o exceda los KPIs existentes para perforaci\u00f3n y tronadura<\/li>\n<\/ul>\n<\/li>\n<li>Proyectos que entregan valor sustentable, logrando metas de corto plazo como tambi\u00e9n asegurando el \u00e9xito futuro\n<ul>\n<li>Trabajamos con su equipo para mejorar sus competencias y ofrecemos capacitaciones en forma continua<\/li>\n<\/ul>\n<\/li>\n<li>Nos enfocamos en par\u00e1metros espec\u00edficos aplicando plazos definidos y objetivos claros y medibles<\/li>\n<\/ul>\n<p>Para m\u00e1s informaci\u00f3n, por favor\u00a0<a class=\"bluu\" href=\"mailto:info@moncourtgroup.com\">cont\u00e1ctenos<\/a>.<\/p>\n","protected":false},"excerpt":{"rendered":"<p>Obtener los resultados de perforaci\u00f3n y tronadura que usted necesita en la forma adecuada Resultados de Perforaci\u00f3n y Tronadura Eficiencias mejoradas medibles de perforaci\u00f3n y tronadura mediante la provisi\u00f3n de una profunda experiencia t\u00e9cnica para obtener los resultados que usted necesita Cumplimiento regulatorio, costo, independencia, productividad, valor Experiencia independiente de voladura (como cliente y como [&hellip;]<\/p>\n","protected":false},"author":1,"featured_media":0,"parent":7,"menu_order":0,"comment_status":"open","ping_status":"open","template":"","meta":{"_monsterinsights_skip_tracking":false,"_monsterinsights_sitenote_active":false,"_monsterinsights_sitenote_note":"","_monsterinsights_sitenote_category":0},"_links":{"self":[{"href":"https:\/\/moncourtgroup.com\/sp\/wp-json\/wp\/v2\/pages\/219"}],"collection":[{"href":"https:\/\/moncourtgroup.com\/sp\/wp-json\/wp\/v2\/pages"}],"about":[{"href":"https:\/\/moncourtgroup.com\/sp\/wp-json\/wp\/v2\/types\/page"}],"author":[{"embeddable":true,"href":"https:\/\/moncourtgroup.com\/sp\/wp-json\/wp\/v2\/users\/1"}],"replies":[{"embeddable":true,"href":"https:\/\/moncourtgroup.com\/sp\/wp-json\/wp\/v2\/comments?post=219"}],"version-history":[{"count":17,"href":"https:\/\/moncourtgroup.com\/sp\/wp-json\/wp\/v2\/pages\/219\/revisions"}],"predecessor-version":[{"id":386,"href":"https:\/\/moncourtgroup.com\/sp\/wp-json\/wp\/v2\/pages\/219\/revisions\/386"}],"up":[{"embeddable":true,"href":"https:\/\/moncourtgroup.com\/sp\/wp-json\/wp\/v2\/pages\/7"}],"wp:attachment":[{"href":"https:\/\/moncourtgroup.com\/sp\/wp-json\/wp\/v2\/media?parent=219"}],"curies":[{"name":"wp","href":"https:\/\/api.w.org\/{rel}","templated":true}]}}