{"id":216,"date":"2017-02-26T11:17:02","date_gmt":"2017-02-26T11:17:02","guid":{"rendered":"http:\/\/rankonone.com\/dev\/moncourtgroup\/sp\/?page_id=216"},"modified":"2019-03-26T10:06:45","modified_gmt":"2019-03-26T10:06:45","slug":"desarrollo-de-productos-y-procesos","status":"publish","type":"page","link":"https:\/\/moncourtgroup.com\/sp\/services\/desarrollo-de-productos-y-procesos\/","title":{"rendered":"Desarrollo de Productos y Procesos"},"content":{"rendered":"<p><em>Mejorar las capacidades y dise\u00f1os de los productos y reducir los costos con las mejores pr\u00e1cticas en la producci\u00f3n segura, de calidad y eficiente de nitrato de amonio y explosivos<\/em><strong>\u00a0<\/strong><\/p>\n<h2><strong>Soporte a Manufactura<\/strong><\/h2>\n<ul class=\"bullets-blue space-btm\">\n<li>Identificar e implementar oportunidades de mejora en la producci\u00f3n<\/li>\n<li>Calificar nuevos proveedores y auditar los existentes con respecto a la seguridad, calidad, confiabilidad y costo<\/li>\n<li>Incorporar procesos de calidad en todos los aspectos de sus procesos de fabricaci\u00f3n de nitrato de amonio, explosivos o sistemas de iniciaci\u00f3n\n<\/li>\n<li>Acceso a habilidades t\u00e9cnicas profundas para mejorar procesos de manufactura<\/li>\n<li>Resoluci\u00f3n de problemas (\u201ctrouble-shooting\u201d)<\/li>\n<\/ul>\n<h3><strong>Dise\u00f1o y Desarrollo de Productos (Sistemas de Iniciaci\u00f3n)<\/strong><\/h3>\n<ul class=\"bullets-blue space-btm\">\n<li>Comprender las tendencias de la industria y las caracter\u00edsticas clave de los productos alternativos<\/li>\n<li>Construir e implementar los procesos necesarios para desarrollar sus productos<\/li>\n<li>Dise\u00f1ar los componentes clave del producto<\/li>\n<li>Desarrollar nuevas estrategias de producci\u00f3n<\/li>\n<\/ul>\n<h3><strong>Auditor\u00eda de Seguridad<\/strong><\/h3>\n<ul class=\"bullets-blue space-btm\">\n<li>Desafiar los procedimientos operativos existentes para identificar brechas y oportunidades de mejora<\/li>\n<li>Asegurar que los procesos de mejores pr\u00e1cticas se est\u00e9n aplicando en todas las etapas de la fabricaci\u00f3n<\/li>\n<li>Identificar debilidades con sus proveedores que puedan provocar riesgos en la seguridad del abastecimiento<\/li>\n<\/ul>\n<p>Para m\u00e1s informaci\u00f3n, por favor\u00a0<a class=\"bluu\" href=\"mailto:info@moncourtgroup.com\">cont\u00e1ctenos<\/a>.<\/p>\n","protected":false},"excerpt":{"rendered":"<p>Mejorar las capacidades y dise\u00f1os de los productos y reducir los costos con las mejores pr\u00e1cticas en la producci\u00f3n segura, de calidad y eficiente de nitrato de amonio y explosivos\u00a0 Soporte a Manufactura Identificar e implementar oportunidades de mejora en la producci\u00f3n Calificar nuevos proveedores y auditar los existentes con respecto a la seguridad, calidad, [&hellip;]<\/p>\n","protected":false},"author":1,"featured_media":0,"parent":7,"menu_order":0,"comment_status":"open","ping_status":"open","template":"","meta":{"_monsterinsights_skip_tracking":false,"_monsterinsights_sitenote_active":false,"_monsterinsights_sitenote_note":"","_monsterinsights_sitenote_category":0},"_links":{"self":[{"href":"https:\/\/moncourtgroup.com\/sp\/wp-json\/wp\/v2\/pages\/216"}],"collection":[{"href":"https:\/\/moncourtgroup.com\/sp\/wp-json\/wp\/v2\/pages"}],"about":[{"href":"https:\/\/moncourtgroup.com\/sp\/wp-json\/wp\/v2\/types\/page"}],"author":[{"embeddable":true,"href":"https:\/\/moncourtgroup.com\/sp\/wp-json\/wp\/v2\/users\/1"}],"replies":[{"embeddable":true,"href":"https:\/\/moncourtgroup.com\/sp\/wp-json\/wp\/v2\/comments?post=216"}],"version-history":[{"count":10,"href":"https:\/\/moncourtgroup.com\/sp\/wp-json\/wp\/v2\/pages\/216\/revisions"}],"predecessor-version":[{"id":363,"href":"https:\/\/moncourtgroup.com\/sp\/wp-json\/wp\/v2\/pages\/216\/revisions\/363"}],"up":[{"embeddable":true,"href":"https:\/\/moncourtgroup.com\/sp\/wp-json\/wp\/v2\/pages\/7"}],"wp:attachment":[{"href":"https:\/\/moncourtgroup.com\/sp\/wp-json\/wp\/v2\/media?parent=216"}],"curies":[{"name":"wp","href":"https:\/\/api.w.org\/{rel}","templated":true}]}}