{"id":19,"date":"2015-01-30T11:10:16","date_gmt":"2015-01-30T11:10:16","guid":{"rendered":"http:\/\/localhost\/moncourt-group\/?page_id=19"},"modified":"2015-05-14T13:53:52","modified_gmt":"2015-05-14T13:53:52","slug":"commodity-contract-negotiation","status":"publish","type":"page","link":"https:\/\/moncourtgroup.com\/sp\/services\/commodity-contract-negotiation\/","title":{"rendered":"Negociaci\u00f3n de Contratos de Commodities"},"content":{"rendered":"<p><em>Moncourt Group ofrece resultados comerciales superiores a trav\u00e9s del uso de manos  expertas en negociaci\u00f3n<\/em><\/p>\n<ul class=\"bullets-blue space-btm\">\n<li>Liderazgo y apoyo en todo el proceso en las negociaciones para contratos de alto valor de commodities<\/li>\n<li>Alineamiento interno<\/li>\n<li>Preparaci\u00f3n y manejo del contenido de la negociaci\u00f3n<\/li>\n<li>Manejo riguroso del proceso de negociaci\u00f3n para lograr los resultados deseados<\/li>\n<li>Liderazgo en la negociaci\u00f3n o participaci\u00f3n<\/li>\n<li>Desarrollo de consensos para alcanzar acuerdos<\/li>\n<li>Escritura de contratos y revisiones<\/li>\n<\/ul>\n<p>&nbsp;<br \/>\nPara m\u00e1s informaci\u00f3n, por favor <a class=\"underline\" href=\"mailto:info@moncourtgroup.com\">cont\u00e1ctenos<\/a>.<\/p>\n","protected":false},"excerpt":{"rendered":"<p>Moncourt Group ofrece resultados comerciales superiores a trav\u00e9s del uso de manos expertas en negociaci\u00f3n Liderazgo y apoyo en todo el proceso en las negociaciones para contratos de alto valor de commodities Alineamiento interno Preparaci\u00f3n y manejo del contenido de la negociaci\u00f3n Manejo riguroso del proceso de negociaci\u00f3n para lograr los resultados deseados Liderazgo en [&hellip;]<\/p>\n","protected":false},"author":1,"featured_media":0,"parent":7,"menu_order":0,"comment_status":"open","ping_status":"open","template":"","meta":{"_monsterinsights_skip_tracking":false,"_monsterinsights_sitenote_active":false,"_monsterinsights_sitenote_note":"","_monsterinsights_sitenote_category":0},"_links":{"self":[{"href":"https:\/\/moncourtgroup.com\/sp\/wp-json\/wp\/v2\/pages\/19"}],"collection":[{"href":"https:\/\/moncourtgroup.com\/sp\/wp-json\/wp\/v2\/pages"}],"about":[{"href":"https:\/\/moncourtgroup.com\/sp\/wp-json\/wp\/v2\/types\/page"}],"author":[{"embeddable":true,"href":"https:\/\/moncourtgroup.com\/sp\/wp-json\/wp\/v2\/users\/1"}],"replies":[{"embeddable":true,"href":"https:\/\/moncourtgroup.com\/sp\/wp-json\/wp\/v2\/comments?post=19"}],"version-history":[{"count":14,"href":"https:\/\/moncourtgroup.com\/sp\/wp-json\/wp\/v2\/pages\/19\/revisions"}],"predecessor-version":[{"id":186,"href":"https:\/\/moncourtgroup.com\/sp\/wp-json\/wp\/v2\/pages\/19\/revisions\/186"}],"up":[{"embeddable":true,"href":"https:\/\/moncourtgroup.com\/sp\/wp-json\/wp\/v2\/pages\/7"}],"wp:attachment":[{"href":"https:\/\/moncourtgroup.com\/sp\/wp-json\/wp\/v2\/media?parent=19"}],"curies":[{"name":"wp","href":"https:\/\/api.w.org\/{rel}","templated":true}]}}