{"id":17,"date":"2015-01-30T11:09:55","date_gmt":"2015-01-30T11:09:55","guid":{"rendered":"http:\/\/localhost\/moncourt-group\/?page_id=17"},"modified":"2019-04-17T08:01:52","modified_gmt":"2019-04-17T08:01:52","slug":"corretaje","status":"publish","type":"page","link":"https:\/\/moncourtgroup.com\/sp\/services\/corretaje\/","title":{"rendered":"Corretaje"},"content":{"rendered":"<p><em>Moncourt Group mejorar\u00e1 los m\u00e1rgenes al acceder a las fuentes y clientes adecuados para el nitrato de amonio, independientemente del tama\u00f1o de la empresa<\/em><\/p>\n<ul class=\"bullets-blue space-btm\">\n<li>Conectar a los compradores y vendedores adecuados para desarrollar un nuevo negocio<\/li>\n<li>Manejo y apoyo de las relaciones comerciales<\/li>\n<li>Apoyo integral para que las partes lleguen a acuerdos apropiados de compra y venta en forma expedita<\/li>\n<li>Manejo de los procesos de compra, venta, log\u00edstica y servicio post-venta<\/li>\n<li>Seguros: altamente competitivos para proteger los productos en tr\u00e1nsito<\/li>\n<\/ul>\n<p>Para m\u00e1s informaci\u00f3n, por favor\u00a0<a class=\"bluu\" href=\"mailto:info@moncourtgroup.com\">cont\u00e1ctenos<\/a>.<\/p>\n","protected":false},"excerpt":{"rendered":"<p>Moncourt Group mejorar\u00e1 los m\u00e1rgenes al acceder a las fuentes y clientes adecuados para el nitrato de amonio, independientemente del tama\u00f1o de la empresa Conectar a los compradores y vendedores adecuados para desarrollar un nuevo negocio Manejo y apoyo de las relaciones comerciales Apoyo integral para que las partes lleguen a acuerdos apropiados de compra [&hellip;]<\/p>\n","protected":false},"author":1,"featured_media":0,"parent":7,"menu_order":0,"comment_status":"open","ping_status":"open","template":"","meta":{"_monsterinsights_skip_tracking":false,"_monsterinsights_sitenote_active":false,"_monsterinsights_sitenote_note":"","_monsterinsights_sitenote_category":0},"_links":{"self":[{"href":"https:\/\/moncourtgroup.com\/sp\/wp-json\/wp\/v2\/pages\/17"}],"collection":[{"href":"https:\/\/moncourtgroup.com\/sp\/wp-json\/wp\/v2\/pages"}],"about":[{"href":"https:\/\/moncourtgroup.com\/sp\/wp-json\/wp\/v2\/types\/page"}],"author":[{"embeddable":true,"href":"https:\/\/moncourtgroup.com\/sp\/wp-json\/wp\/v2\/users\/1"}],"replies":[{"embeddable":true,"href":"https:\/\/moncourtgroup.com\/sp\/wp-json\/wp\/v2\/comments?post=17"}],"version-history":[{"count":29,"href":"https:\/\/moncourtgroup.com\/sp\/wp-json\/wp\/v2\/pages\/17\/revisions"}],"predecessor-version":[{"id":381,"href":"https:\/\/moncourtgroup.com\/sp\/wp-json\/wp\/v2\/pages\/17\/revisions\/381"}],"up":[{"embeddable":true,"href":"https:\/\/moncourtgroup.com\/sp\/wp-json\/wp\/v2\/pages\/7"}],"wp:attachment":[{"href":"https:\/\/moncourtgroup.com\/sp\/wp-json\/wp\/v2\/media?parent=17"}],"curies":[{"name":"wp","href":"https:\/\/api.w.org\/{rel}","templated":true}]}}