{"id":15,"date":"2015-01-30T11:09:40","date_gmt":"2015-01-30T11:09:40","guid":{"rendered":"http:\/\/localhost\/moncourt-group\/?page_id=15"},"modified":"2019-04-29T09:30:07","modified_gmt":"2019-04-29T09:30:07","slug":"estrategia","status":"publish","type":"page","link":"https:\/\/moncourtgroup.com\/sp\/services\/estrategia\/","title":{"rendered":"Estrategia"},"content":{"rendered":"<p><em>Construir e implementar la estrategia adecuada para maximizar los resultados obtenidos<\/em> <\/p>\n<p>Moncourt Group puede construir y ejecutar una estrategia basada en las condiciones del mercado y lo que es adecuado para su negocio, ya sea para crear o acceder a los canales correctos del mercado para el nitrato de amonio o para obtener el m\u00e1ximo valor por sus gastos en explosivos.<\/p>\n<ul class=\"bullets-blue space-btm\">\n<li>Testeo cr\u00edtico y desarrollo de la estrategia actual del nitrato de amonio y explosivos<\/li>\n<li>Generaci\u00f3n de concepto y evaluaci\u00f3n<\/li>\n<li>Desarrollo de la categor\u00eda de perforaci\u00f3n y tronadura\u2013 aumentar el valor entregado por esta categor\u00eda<\/li>\n<li>Evaluaci\u00f3n y revisi\u00f3n de proyectos de producci\u00f3n de nitrato de amonio<\/li>\n<li>Desarrollo de pol\u00edticas de compras y de precios<\/li>\n<li>Desarrollo, manejo y optimizaci\u00f3n del portfolio de abastecimiento del nitrato de amonio<\/li>\n<\/ul>\n<p>Para m\u00e1s informaci\u00f3n, por favor\u00a0<a class=\"bluu\" href=\"mailto:info@moncourtgroup.com\">cont\u00e1ctenos<\/a>.<\/p>\n","protected":false},"excerpt":{"rendered":"<p>Construir e implementar la estrategia adecuada para maximizar los resultados obtenidos Moncourt Group puede construir y ejecutar una estrategia basada en las condiciones del mercado y lo que es adecuado para su negocio, ya sea para crear o acceder a los canales correctos del mercado para el nitrato de amonio o para obtener el m\u00e1ximo [&hellip;]<\/p>\n","protected":false},"author":1,"featured_media":0,"parent":7,"menu_order":0,"comment_status":"open","ping_status":"open","template":"","meta":{"_monsterinsights_skip_tracking":false,"_monsterinsights_sitenote_active":false,"_monsterinsights_sitenote_note":"","_monsterinsights_sitenote_category":0},"_links":{"self":[{"href":"https:\/\/moncourtgroup.com\/sp\/wp-json\/wp\/v2\/pages\/15"}],"collection":[{"href":"https:\/\/moncourtgroup.com\/sp\/wp-json\/wp\/v2\/pages"}],"about":[{"href":"https:\/\/moncourtgroup.com\/sp\/wp-json\/wp\/v2\/types\/page"}],"author":[{"embeddable":true,"href":"https:\/\/moncourtgroup.com\/sp\/wp-json\/wp\/v2\/users\/1"}],"replies":[{"embeddable":true,"href":"https:\/\/moncourtgroup.com\/sp\/wp-json\/wp\/v2\/comments?post=15"}],"version-history":[{"count":30,"href":"https:\/\/moncourtgroup.com\/sp\/wp-json\/wp\/v2\/pages\/15\/revisions"}],"predecessor-version":[{"id":387,"href":"https:\/\/moncourtgroup.com\/sp\/wp-json\/wp\/v2\/pages\/15\/revisions\/387"}],"up":[{"embeddable":true,"href":"https:\/\/moncourtgroup.com\/sp\/wp-json\/wp\/v2\/pages\/7"}],"wp:attachment":[{"href":"https:\/\/moncourtgroup.com\/sp\/wp-json\/wp\/v2\/media?parent=15"}],"curies":[{"name":"wp","href":"https:\/\/api.w.org\/{rel}","templated":true}]}}