{"id":13,"date":"2015-01-30T11:09:19","date_gmt":"2015-01-30T11:09:19","guid":{"rendered":"http:\/\/localhost\/moncourt-group\/?page_id=13"},"modified":"2019-04-22T14:14:28","modified_gmt":"2019-04-22T14:14:28","slug":"cadena-de-abastecimiento","status":"publish","type":"page","link":"https:\/\/moncourtgroup.com\/sp\/services\/cadena-de-abastecimiento\/","title":{"rendered":"Cadena de Abastecimiento"},"content":{"rendered":"<p><em>Impacto medible y sustentable al entender, optimizar y operar de manera segura la cadena de abastecimiento de nitrato de amonio y explosivos<\/em><\/p>\n<h2><strong>Diagnosticar, Optimizar e Implementar<\/strong><\/h2>\n<ul class=\"bullets-blue space-btm\">\n<li>Identificar las oportunidades dentro de la cadena de abastecimiento existente de nitrato de amonio y explosivos<\/li>\n<li>Identificar en forma clara los cambios a realizar y el proceso a seguir para aprovechar las oportunidades<\/li>\n<li>Entregar resultados tangibles y satisfactorios, no \u00fanicamente recomendaciones<\/li>\n<\/ul>\n<h3><strong>Dise\u00f1o de la Cadena de Abastecimiento<\/strong><\/h3>\n<ul class=\"bullets-blue space-btm\">\n<li>Reducir los costos en marcha de producci\u00f3n con un dise\u00f1o inicial \u00f3ptimo de las cadenas de abastecimiento del nitrato de amonio y explosivos<\/li>\n<\/ul>\n<h3><strong>Auditor\u00edas de Seguridad<\/strong><\/h3>\n<ul class=\"bullets-blue space-btm\">\n<li>Reducir el riesgo de pr\u00e1cticas inseguras y maximizar la seguridad en el abastecimiento<\/li>\n<li>Asegurar que los procesos de las mejores pr\u00e1cticas se han aplicado en todas las etapas de la cadena de abastecimiento, incluyendo producci\u00f3n, transporte y almacenamiento<\/li>\n<\/ul>\n<p>Moncourt Group aplica su profundo conocimiento en toda la cadena de abastecimiento y en el proceso de cambio. Entre otros aspectos, ponemos \u00e9nfasis en la seguridad, resultados de la tronadura, costos, m\u00e1rgenes, riesgos, inventario, log\u00edstica, impacto en la liquidez y los impuestos, como tambi\u00e9n en la potencial ventaja competitiva.<\/p>\n<p>Para m\u00e1s informaci\u00f3n, por favor\u00a0<a class=\"bluu\" href=\"mailto:info@moncourtgroup.com\">cont\u00e1ctenos<\/a>.<\/p>\n","protected":false},"excerpt":{"rendered":"<p>Impacto medible y sustentable al entender, optimizar y operar de manera segura la cadena de abastecimiento de nitrato de amonio y explosivos Diagnosticar, Optimizar e Implementar Identificar las oportunidades dentro de la cadena de abastecimiento existente de nitrato de amonio y explosivos Identificar en forma clara los cambios a realizar y el proceso a seguir [&hellip;]<\/p>\n","protected":false},"author":1,"featured_media":0,"parent":7,"menu_order":0,"comment_status":"open","ping_status":"open","template":"","meta":{"_monsterinsights_skip_tracking":false,"_monsterinsights_sitenote_active":false,"_monsterinsights_sitenote_note":"","_monsterinsights_sitenote_category":0},"_links":{"self":[{"href":"https:\/\/moncourtgroup.com\/sp\/wp-json\/wp\/v2\/pages\/13"}],"collection":[{"href":"https:\/\/moncourtgroup.com\/sp\/wp-json\/wp\/v2\/pages"}],"about":[{"href":"https:\/\/moncourtgroup.com\/sp\/wp-json\/wp\/v2\/types\/page"}],"author":[{"embeddable":true,"href":"https:\/\/moncourtgroup.com\/sp\/wp-json\/wp\/v2\/users\/1"}],"replies":[{"embeddable":true,"href":"https:\/\/moncourtgroup.com\/sp\/wp-json\/wp\/v2\/comments?post=13"}],"version-history":[{"count":30,"href":"https:\/\/moncourtgroup.com\/sp\/wp-json\/wp\/v2\/pages\/13\/revisions"}],"predecessor-version":[{"id":382,"href":"https:\/\/moncourtgroup.com\/sp\/wp-json\/wp\/v2\/pages\/13\/revisions\/382"}],"up":[{"embeddable":true,"href":"https:\/\/moncourtgroup.com\/sp\/wp-json\/wp\/v2\/pages\/7"}],"wp:attachment":[{"href":"https:\/\/moncourtgroup.com\/sp\/wp-json\/wp\/v2\/media?parent=13"}],"curies":[{"name":"wp","href":"https:\/\/api.w.org\/{rel}","templated":true}]}}